{"id":8534,"date":"2018-02-21T14:05:50","date_gmt":"2018-02-21T14:05:50","guid":{"rendered":"https:\/\/www.demo.themicart.com\/interico-wp\/?page_id=8534"},"modified":"2018-09-18T07:35:46","modified_gmt":"2018-09-18T07:35:46","slug":"home","status":"publish","type":"page","link":"https:\/\/s-und-o-ladenbau.com\/start\/","title":{"rendered":"Home"},"content":{"rendered":"<div id=\"pl-8534\"  class=\"panel-layout\" ><div id=\"pg-8534-0\"  class=\"panel-grid panel-has-style\" ><div class=\"siteorigin-panels-stretch panel-row-style panel-row-style-for-8534-0\" data-stretch-type=\"full\" ><div id=\"pgc-8534-0-0\"  class=\"panel-grid-cell\" ><div id=\"panel-8534-0-0-0\" class=\"so-panel widget widget_sow-editor panel-first-child panel-last-child\" data-index=\"0\" ><div class=\"so-widget-sow-editor so-widget-sow-editor-base\">\n<div class=\"siteorigin-widget-tinymce textwidget\">\n\t<h1 style=\"text-align: left;\"><strong>Perfekte L\u00f6sungen seit 1990<br \/><\/strong><strong>Nur die beste Qualit\u00e4t f\u00fcr unsere Kunden<\/strong><\/h1>\n<p>s&amp;o Ladenbau verf\u00fcgt \u00fcber langj\u00e4hrige Erfahrung im individuellen Ladenbau, Objektbau und im Schiffsinnenausbau.<br \/>Fordern Sie uns mit neuen Ideen, wir machen das f\u00fcr Sie.<\/p>\n<\/div>\n<\/div><\/div><\/div><\/div><\/div><div id=\"pg-8534-1\"  class=\"panel-grid panel-has-style\" ><div class=\"siteorigin-panels-stretch panel-row-style panel-row-style-for-8534-1\" data-stretch-type=\"full-stretched\" ><div id=\"pgc-8534-1-0\"  class=\"panel-grid-cell\" ><div class=\"no-mrg panel-cell-style panel-cell-style-for-8534-1-0\" ><div id=\"panel-8534-1-0-0\" class=\"so-panel widget widget_sow-editor panel-first-child panel-last-child\" data-index=\"1\" ><div class=\"panel-widget-style panel-widget-style-for-8534-1-0-0\" ><div class=\"so-widget-sow-editor so-widget-sow-editor-base\">\n<div class=\"siteorigin-widget-tinymce textwidget\">\n\t<p><img loading=\"lazy\" class=\"alignnone wp-image-11519 size-full\" src=\"http:\/\/s-und-o-ladenbau.com\/start\/wp-content\/uploads\/2018\/06\/Bar_and_Diner_I-1.jpg\" alt=\"\" width=\"1000\" height=\"600\" srcset=\"https:\/\/s-und-o-ladenbau.com\/start\/wp-content\/uploads\/2018\/06\/Bar_and_Diner_I-1.jpg 1000w, https:\/\/s-und-o-ladenbau.com\/start\/wp-content\/uploads\/2018\/06\/Bar_and_Diner_I-1-768x461.jpg 768w\" sizes=\"(max-width: 1000px) 100vw, 1000px\" \/><\/p>\n<\/div>\n<\/div><\/div><\/div><\/div><\/div><div id=\"pgc-8534-1-1\"  class=\"panel-grid-cell\" ><div class=\"no-mrg panel-cell-style panel-cell-style-for-8534-1-1\" ><div id=\"panel-8534-1-1-0\" class=\"so-panel widget widget_sow-editor panel-first-child panel-last-child\" data-index=\"2\" ><div class=\"shadow-box overlap-left panel-widget-style panel-widget-style-for-8534-1-1-0\" ><div class=\"so-widget-sow-editor so-widget-sow-editor-base\">\n<div class=\"siteorigin-widget-tinymce textwidget\">\n\t<p><span class=\"subtitle dash-true style-dark\">Ship Interior<\/span><\/p>\n<h3><strong>Cruise Vessels<br \/>\n<\/strong><\/h3>\n<h2 class=\"postTitle\">Norwegian Breakaway<\/h2>\n<div class=\"divider-light\"><\/div>\n<p>Bar and diner areas<\/p>\n<p><a href=\"http:\/\/s-und-o-ladenbau.com\/start\/projects\/norwegian-breakaway\/\" class=\"btn btn-primary arrow-right\" target=\"blank\"><span>Projektdetails <\/span><\/a><\/p>\n<\/div>\n<\/div><\/div><\/div><\/div><\/div><\/div><\/div><div id=\"pg-8534-2\"  class=\"panel-grid panel-has-style\" ><div class=\"siteorigin-panels-stretch panel-row-style panel-row-style-for-8534-2\" data-stretch-type=\"full-stretched\" ><div id=\"pgc-8534-2-0\"  class=\"panel-grid-cell\" ><div id=\"panel-8534-2-0-0\" class=\"so-panel widget widget_sow-editor panel-first-child panel-last-child\" data-index=\"3\" ><div class=\"shadow-box overlap-right panel-widget-style panel-widget-style-for-8534-2-0-0\" ><div class=\"so-widget-sow-editor so-widget-sow-editor-base\">\n<div class=\"siteorigin-widget-tinymce textwidget\">\n\t<p><span class=\"subtitle dash-true style-dark\">Ship Interior<\/span><\/p>\n<h3><strong>River Cruise Vessels<br \/>\n<\/strong><\/h3>\n<h2 class=\"postTitle\">A ROSA AQUA<\/h2>\n<div class=\"divider-light\"><\/div>\n<p>Spa Bereiche<\/p>\n<p><a class=\"btn btn-primary arrow-right\" href=\"http:\/\/s-und-o-ladenbau.com\/start\/projects\/a-rosa\/\" target=\"blank\">Projektdetails <\/a><\/p>\n<\/div>\n<\/div><\/div><\/div><\/div><div id=\"pgc-8534-2-1\"  class=\"panel-grid-cell\" ><div id=\"panel-8534-2-1-0\" class=\"so-panel widget widget_sow-editor panel-first-child panel-last-child\" data-index=\"4\" ><div class=\"panel-widget-style panel-widget-style-for-8534-2-1-0\" ><div class=\"so-widget-sow-editor so-widget-sow-editor-base\">\n<div class=\"siteorigin-widget-tinymce textwidget\">\n\t<p><img loading=\"lazy\" class=\"alignnone wp-image-11543 size-full\" src=\"http:\/\/s-und-o-ladenbau.com\/start\/wp-content\/uploads\/2018\/06\/Wellness_Arosa_silva.jpg\" alt=\"\" width=\"1000\" height=\"600\" srcset=\"https:\/\/s-und-o-ladenbau.com\/start\/wp-content\/uploads\/2018\/06\/Wellness_Arosa_silva.jpg 1000w, https:\/\/s-und-o-ladenbau.com\/start\/wp-content\/uploads\/2018\/06\/Wellness_Arosa_silva-768x461.jpg 768w\" sizes=\"(max-width: 1000px) 100vw, 1000px\" \/><\/p>\n<\/div>\n<\/div><\/div><\/div><\/div><\/div><\/div><div id=\"pg-8534-3\"  class=\"panel-grid panel-has-style\" ><div class=\"siteorigin-panels-stretch panel-row-style panel-row-style-for-8534-3\" data-stretch-type=\"full\" ><div id=\"pgc-8534-3-0\"  class=\"panel-grid-cell\" ><div id=\"panel-8534-3-0-0\" class=\"so-panel widget widget_siteorigin-panels-builder panel-first-child panel-last-child\" data-index=\"5\" ><div id=\"pl-w69d567e0acbe3\"  class=\"panel-layout\" ><div id=\"pg-w69d567e0acbe3-0\"  class=\"panel-grid panel-no-style\" ><div id=\"pgc-w69d567e0acbe3-0-0\"  class=\"panel-grid-cell\" ><div id=\"panel-w69d567e0acbe3-0-0-0\" class=\"so-panel widget widget_sow-editor panel-first-child panel-last-child\" data-index=\"0\" ><div class=\"so-widget-sow-editor so-widget-sow-editor-base\">\n<div class=\"siteorigin-widget-tinymce textwidget\">\n\t<p style=\"text-align: center;\"><span class=\"subtitle dash-false style-dark\">Unser Service<\/span><\/p>\n<h2 style=\"text-align: center;\"><strong>Von der Planung und Konstruktion bis zum fertigen Projekt in bester Qualit\u00e4t!<\/strong><\/h2>\n<div class=\"dash centered style-dark\">&nbsp;<\/div>\n<\/div>\n<\/div><\/div><\/div><\/div><div id=\"pg-w69d567e0acbe3-1\"  class=\"panel-grid panel-no-style\" ><div id=\"pgc-w69d567e0acbe3-1-0\"  class=\"panel-grid-cell\" ><div class=\"no-mrg panel-cell-style panel-cell-style-for-w69d567e0acbe3-1-0\" ><div id=\"panel-w69d567e0acbe3-1-0-0\" class=\"so-panel widget panel-first-child panel-last-child\" data-index=\"1\" ><\/div><\/div><\/div><div id=\"pgc-w69d567e0acbe3-1-1\"  class=\"panel-grid-cell\" ><div class=\"no-mrg panel-cell-style panel-cell-style-for-w69d567e0acbe3-1-1\" ><div id=\"panel-w69d567e0acbe3-1-1-0\" class=\"so-panel widget panel-first-child panel-last-child\" data-index=\"2\" ><\/div><\/div><\/div><div id=\"pgc-w69d567e0acbe3-1-2\"  class=\"panel-grid-cell\" ><div class=\"no-mrg panel-cell-style panel-cell-style-for-w69d567e0acbe3-1-2\" ><div id=\"panel-w69d567e0acbe3-1-2-0\" class=\"so-panel widget panel-first-child panel-last-child\" data-index=\"3\" ><\/div><\/div><\/div><\/div><\/div><\/div><\/div><\/div><\/div><div id=\"pg-8534-4\"  class=\"panel-grid panel-has-style\" ><div class=\"siteorigin-panels-stretch panel-row-style panel-row-style-for-8534-4\" data-stretch-type=\"full-stretched\" ><div id=\"pgc-8534-4-0\"  class=\"panel-grid-cell\" ><div id=\"panel-8534-4-0-0\" class=\"so-panel widget widget_sow-editor panel-first-child panel-last-child\" data-index=\"6\" ><div class=\"animate animate-1 panel-widget-style panel-widget-style-for-8534-4-0-0\" ><div class=\"so-widget-sow-editor so-widget-sow-editor-base\">\n<div class=\"siteorigin-widget-tinymce textwidget\">\n\t<p><img loading=\"lazy\" class=\"alignnone wp-image-11546 size-full\" src=\"http:\/\/s-und-o-ladenbau.com\/start\/wp-content\/uploads\/2018\/06\/Boulevard_AIDA_Shops.jpg\" alt=\"\" width=\"1000\" height=\"600\" srcset=\"https:\/\/s-und-o-ladenbau.com\/start\/wp-content\/uploads\/2018\/06\/Boulevard_AIDA_Shops.jpg 1000w, https:\/\/s-und-o-ladenbau.com\/start\/wp-content\/uploads\/2018\/06\/Boulevard_AIDA_Shops-768x461.jpg 768w\" sizes=\"(max-width: 1000px) 100vw, 1000px\" \/><\/p>\n<\/div>\n<\/div><\/div><\/div><\/div><div id=\"pgc-8534-4-1\"  class=\"panel-grid-cell\" ><div id=\"panel-8534-4-1-0\" class=\"so-panel widget widget_sow-editor panel-first-child panel-last-child\" data-index=\"7\" ><div class=\"shadow-box overlap-left animate animate-2 panel-widget-style panel-widget-style-for-8534-4-1-0\" ><div class=\"so-widget-sow-editor so-widget-sow-editor-base\">\n<div class=\"siteorigin-widget-tinymce textwidget\">\n\t<p><span class=\"subtitle dash-true style-dark\">LADENBAU<\/span><\/p>\n<h3><strong>Cruise Vessels<br \/>\n<\/strong><\/h3>\n<h2 class=\"postTitle\">AIDAbella<\/h2>\n<div class=\"divider-light\"><\/div>\n<p>Shop Area<\/p>\n<p><a class=\"btn btn-primary arrow-right\" href=\"https:\/\/s-und-o-ladenbau.com\/start\/projects\/aida\/\" target=\"blank\">Projektdetails <\/a><\/p>\n<\/div>\n<\/div><\/div><\/div><\/div><\/div><\/div><div id=\"pg-8534-5\"  class=\"panel-grid panel-has-style\" ><div class=\"siteorigin-panels-stretch panel-row-style panel-row-style-for-8534-5\" data-stretch-type=\"full-stretched\" ><div id=\"pgc-8534-5-0\"  class=\"panel-grid-cell\" ><div id=\"panel-8534-5-0-0\" class=\"so-panel widget widget_sow-editor panel-first-child panel-last-child\" data-index=\"8\" ><div class=\"shadow-box overlap-right animate animate-1 panel-widget-style panel-widget-style-for-8534-5-0-0\" ><div class=\"so-widget-sow-editor so-widget-sow-editor-base\">\n<div class=\"siteorigin-widget-tinymce textwidget\">\n\t<p><span class=\"subtitle dash-true style-dark\">Ladenbau<\/span><\/p>\n<h3><strong>Cruise Vessels<br \/>\n<\/strong><\/h3>\n<h2 class=\"postTitle\">AIDAdiva<\/h2>\n<div class=\"divider-light\"><\/div>\n<p>Shop Area<\/p>\n<p><a class=\"btn btn-primary arrow-right\" href=\"https:\/\/s-und-o-ladenbau.com\/start\/projects\/aida\/\" target=\"blank\">Projektdetails <\/a><\/p>\n<\/div>\n<\/div><\/div><\/div><\/div><div id=\"pgc-8534-5-1\"  class=\"panel-grid-cell\" ><div id=\"panel-8534-5-1-0\" class=\"so-panel widget widget_sow-editor panel-first-child panel-last-child\" data-index=\"9\" ><div class=\"animate animate-2 panel-widget-style panel-widget-style-for-8534-5-1-0\" ><div class=\"so-widget-sow-editor so-widget-sow-editor-base\">\n<div class=\"siteorigin-widget-tinymce textwidget\">\n\t<p><img loading=\"lazy\" class=\"alignnone wp-image-11547 size-full\" src=\"http:\/\/s-und-o-ladenbau.com\/start\/wp-content\/uploads\/2018\/06\/AIDAdiva_Shops.jpg\" alt=\"\" width=\"1000\" height=\"600\" srcset=\"https:\/\/s-und-o-ladenbau.com\/start\/wp-content\/uploads\/2018\/06\/AIDAdiva_Shops.jpg 1000w, https:\/\/s-und-o-ladenbau.com\/start\/wp-content\/uploads\/2018\/06\/AIDAdiva_Shops-768x461.jpg 768w\" sizes=\"(max-width: 1000px) 100vw, 1000px\" \/><\/p>\n<\/div>\n<\/div><\/div><\/div><\/div><\/div><\/div><\/div>","protected":false},"excerpt":{"rendered":"<p>Perfekte L\u00f6sungen seit 1990Nur die beste Qualit\u00e4t f\u00fcr unsere Kunden s&amp;o Ladenbau verf\u00fcgt \u00fcber langj\u00e4hrige Erfahrung im individuellen Ladenbau, Objektbau und im Schiffsinnenausbau.Fordern Sie uns mit neuen Ideen, wir machen das f\u00fcr Sie. Ship Interior Cruise Vessels Norwegian Breakaway Bar and diner areas Projektdetails<\/p>\n","protected":false},"author":1,"featured_media":0,"parent":0,"menu_order":0,"comment_status":"closed","ping_status":"closed","template":"page-slider.php","meta":{"_links_to":"","_links_to_target":""},"_links":{"self":[{"href":"https:\/\/s-und-o-ladenbau.com\/start\/wp-json\/wp\/v2\/pages\/8534"}],"collection":[{"href":"https:\/\/s-und-o-ladenbau.com\/start\/wp-json\/wp\/v2\/pages"}],"about":[{"href":"https:\/\/s-und-o-ladenbau.com\/start\/wp-json\/wp\/v2\/types\/page"}],"author":[{"embeddable":true,"href":"https:\/\/s-und-o-ladenbau.com\/start\/wp-json\/wp\/v2\/users\/1"}],"replies":[{"embeddable":true,"href":"https:\/\/s-und-o-ladenbau.com\/start\/wp-json\/wp\/v2\/comments?post=8534"}],"version-history":[{"count":122,"href":"https:\/\/s-und-o-ladenbau.com\/start\/wp-json\/wp\/v2\/pages\/8534\/revisions"}],"predecessor-version":[{"id":12153,"href":"https:\/\/s-und-o-ladenbau.com\/start\/wp-json\/wp\/v2\/pages\/8534\/revisions\/12153"}],"wp:attachment":[{"href":"https:\/\/s-und-o-ladenbau.com\/start\/wp-json\/wp\/v2\/media?parent=8534"}],"curies":[{"name":"wp","href":"https:\/\/api.w.org\/{rel}","templated":true}]}}