{"id":12117,"date":"2018-09-18T06:49:28","date_gmt":"2018-09-18T06:49:28","guid":{"rendered":"https:\/\/s-und-o-ladenbau.com\/start\/?page_id=12117"},"modified":"2020-01-29T10:22:52","modified_gmt":"2020-01-29T10:22:52","slug":"ueber-uns_","status":"publish","type":"page","link":"https:\/\/s-und-o-ladenbau.com\/start\/ueber-uns_\/","title":{"rendered":"\u00dcber uns"},"content":{"rendered":"<div id=\"pl-12117\"  class=\"panel-layout\" ><div id=\"pg-12117-0\"  class=\"panel-grid panel-has-style\" ><div class=\"siteorigin-panels-stretch panel-row-style panel-row-style-for-12117-0\" data-stretch-type=\"full\" ><div id=\"pgc-12117-0-0\"  class=\"panel-grid-cell\" ><div id=\"panel-12117-0-0-0\" class=\"so-panel widget widget_sow-editor panel-first-child panel-last-child\" data-index=\"0\" ><div class=\"so-widget-sow-editor so-widget-sow-editor-base\">\n<div class=\"siteorigin-widget-tinymce textwidget\">\n\t<p>&nbsp;<\/p>\n<h1><strong>Wir bei s&amp;o<br \/>\n<\/strong><\/h1>\n<p>mit Kompetenz und Niveau<\/p>\n<\/div>\n<\/div><\/div><\/div><\/div><\/div><div id=\"pg-12117-1\"  class=\"panel-grid panel-has-style\" ><div class=\"siteorigin-panels-stretch panel-row-style panel-row-style-for-12117-1\" data-stretch-type=\"full-stretched\" ><div id=\"pgc-12117-1-0\"  class=\"panel-grid-cell\" ><div class=\"no-mrg panel-cell-style panel-cell-style-for-12117-1-0\" ><div id=\"panel-12117-1-0-0\" class=\"so-panel widget widget_sow-editor panel-first-child panel-last-child\" data-index=\"1\" ><div class=\"panel-widget-style panel-widget-style-for-12117-1-0-0\" ><div class=\"so-widget-sow-editor so-widget-sow-editor-base\">\n<div class=\"siteorigin-widget-tinymce textwidget\">\n\t<p><img loading=\"lazy\" class=\"alignnone size-full wp-image-12191\" src=\"https:\/\/s-und-o-ladenbau.com\/start\/wp-content\/uploads\/2020\/01\/SO_2018__MG_3816_009.jpg\" alt=\"\" width=\"5426\" height=\"3617\" \/><\/p>\n<\/div>\n<\/div><\/div><\/div><\/div><\/div><div id=\"pgc-12117-1-1\"  class=\"panel-grid-cell\" ><div class=\"no-mrg panel-cell-style panel-cell-style-for-12117-1-1\" ><div id=\"panel-12117-1-1-0\" class=\"so-panel widget widget_sow-editor panel-first-child panel-last-child\" data-index=\"2\" ><div class=\"shadow-box overlap-left panel-widget-style panel-widget-style-for-12117-1-1-0\" ><div class=\"so-widget-sow-editor so-widget-sow-editor-base\">\n<div class=\"siteorigin-widget-tinymce textwidget\">\n\t<span class=\"subtitle dash-false style-dark\">\u00dcber uns<\/span>\n<h2><strong><span id=\"result_box\" class=\"short_text\" lang=\"de\"><span class=\"\">Ein Partner mit dem n\u00f6tigen Know-how<\/span><\/span>!<\/strong><\/h2>\n<p>Es gibt nur wenige Bereiche des Innenausbaus mit dem so viele Emotionen verbunden werden wie mit dem Ausbau gro\u00dfer luxuri\u00f6ser Kreuzfahrtschiffe und Yachten. Hier gelten die h\u00f6chsten Anspr\u00fcche an ein hochwertiges Design, in dem sich der Kunde und Reisende wohlf\u00fchlt.<\/p>\n<div class=\"wptabsy wptabsy-69d57f83ce74c\" ><ul class=\"wptabsy-nav\"><li><a href=\"#wptabsy-content-1\">Deutsch<\/a><\/li><li><a href=\"#wptabsy-content-2\"><i class=\"fa fa-tags\"><\/i> English<\/a><\/li><\/ul><div class=\"wptabsy-inner\"><div class=\"wptabsy-content\" id=\"wptabsy-content-1\"><br \/>\nDas erfahrene und bestens eingespielte Team aus Architekten, Ingenieuren und Handwerkern erm\u00f6glicht hochwertigen, technisch und gestalterisch anspruchsvollen Innenausbau auch unter schwierigen Bedingungen termingetreu auszuf\u00fchren.<\/p>\n<p>Ein besonderer Aspekt unserer Arbeit ist der Ausbau von Spa- und Wellnesslandschaften, Shops, Nachtclubs und Lobbies auf h\u00f6chstem Niveau. Unsere F\u00e4higkeit auch in schwierigen Situationen zuverl\u00e4ssig und termingetreu zu arbeiten, macht uns seit Jahren zum perfekten Partner der Kreuzfahrtindustrie.<\/p>\n<p>\u00dcber die Jahre hat sich ein Netzwerk vielschichtiger Partner aus dem Handwerk manifestiert, das stetig L\u00f6sungen findet neue und leichtere Materialien gezielt einzusetzen. Ein moderner und leistungsf\u00e4higer Maschinenpark unterst\u00fctzt die klassische Fertigung der Einrichtungen und schafft beste Voraussetzungen f\u00fcr eine schnelle und pr\u00e4zise Montage.<\/p>\n<p>Neben den \u00e4sthetischen Gesichtspunkten werden im h\u00f6chsten Ma\u00df Vorgaben an die Wirtschaftlichkeit und Funktionalit\u00e4t eines Ausbaus gestellt. Aber auch weitergehende Forderungen an immer sch\u00e4rfere Sicherheitsbestimmungen, Gewichtseinsparungen, viel Technik auf engstem Raum und eine hochwertige Materialauswahl m\u00fcssen verwirklicht werden.<\/p>\n<p>s&amp;o Ladenbau verf\u00fcgt \u00fcber langj\u00e4hrige Erfahrung im individuellen Ladenbau, im Objektbau und im Schiffsinnenausbau.<br \/>\nFordern Sie uns mit neuen Ideen, wir machen das f\u00fcr Sie.<br \/>\n<\/div><div class=\"wptabsy-content\" id=\"wptabsy-content-2\"><br \/>\nThe experienced and well-trained team of architects, engineers and craftsmen deliver high-quality, technically superior and artistically sophisticated interior work even under difficult conditions, all executed on schedule.<\/p>\n<p>A special aspect of our work is the development of spa and wellness areas, shops, night clubs and lobbies at the most luxurious level. Our ability to work reliably and on time, even under difficult situations, makes us the perfect partner for the cruise industry.<\/p>\n<p>Over the years, a network of experienced partners has helped us in finding solutions to issues such as the use of new and lighter materials. A modern and efficient use of machinery to support the work while utilizing the best methods for rapid and precise installation has been the central focus of our work.<\/p>\n<p>While aesthetic point being the key, the efficiency and functionality of an expansion is of the highest degree. Furthermore, the demands on increasingly extreme safety requirements, weight savings, the use of a lot of technology in a confined space and a high quality material selection must be realized.<\/p>\n<p>S&amp;O Ladenbau has years of experience in the custom shop fitting, commercial construction and ship interiors.<\/p>\n<p>Challenge us with new ideas and we do it for you.<br \/>\n<\/div><\/div><\/div>\n<\/div>\n<\/div><\/div><\/div><\/div><\/div><\/div><\/div><div id=\"pg-12117-2\"  class=\"panel-grid panel-has-style\" ><div class=\"siteorigin-panels-stretch panel-row-style panel-row-style-for-12117-2\" data-stretch-type=\"full-stretched\" ><div id=\"pgc-12117-2-0\"  class=\"panel-grid-cell\" ><div class=\"no-mrg panel-cell-style panel-cell-style-for-12117-2-0\" ><div id=\"panel-12117-2-0-0\" class=\"so-panel widget widget_sow-editor panel-first-child panel-last-child\" data-index=\"3\" ><div class=\"shadow-box overlap-right panel-widget-style panel-widget-style-for-12117-2-0-0\" ><div class=\"so-widget-sow-editor so-widget-sow-editor-base\">\n<div class=\"siteorigin-widget-tinymce textwidget\">\n\t<span class=\"subtitle dash-false style-dark\">Ausgezeichnet<\/span>\n<h2><strong><span id=\"result_box\" class=\"short_text\" lang=\"de\"><span class=\"\">Partner des Jahres <\/span><\/span>!<\/strong><\/h2>\n<p>2013 wurden wir von der Meyer Werft mit der Auszeichnung Partner des Jahres geehrt.<\/p>\n<p>&nbsp;<\/p>\n<\/div>\n<\/div><\/div><\/div><\/div><\/div><div id=\"pgc-12117-2-1\"  class=\"panel-grid-cell\" ><div class=\"no-mrg panel-cell-style panel-cell-style-for-12117-2-1\" ><div id=\"panel-12117-2-1-0\" class=\"so-panel widget widget_sow-editor panel-first-child panel-last-child\" data-index=\"4\" ><div class=\"panel-widget-style panel-widget-style-for-12117-2-1-0\" ><div class=\"so-widget-sow-editor so-widget-sow-editor-base\">\n<div class=\"siteorigin-widget-tinymce textwidget\">\n\t<p><img loading=\"lazy\" class=\"wp-image-12163 size-full aligncenter\" src=\"https:\/\/s-und-o-ladenbau.com\/start\/wp-content\/uploads\/2018\/09\/Meyer_Partner_Uebergabe.jpg\" alt=\"\" width=\"1000\" height=\"600\" srcset=\"https:\/\/s-und-o-ladenbau.com\/start\/wp-content\/uploads\/2018\/09\/Meyer_Partner_Uebergabe.jpg 1000w, https:\/\/s-und-o-ladenbau.com\/start\/wp-content\/uploads\/2018\/09\/Meyer_Partner_Uebergabe-768x461.jpg 768w\" sizes=\"(max-width: 1000px) 100vw, 1000px\" \/><\/p>\n<\/div>\n<\/div><\/div><\/div><\/div><\/div><\/div><\/div><\/div>","protected":false},"excerpt":{"rendered":"<p>&nbsp; Wir bei s&amp;o mit Kompetenz und Niveau Ein Partner mit dem n\u00f6tigen Know-how! Es gibt nur wenige Bereiche des Innenausbaus mit dem so viele Emotionen verbunden werden wie mit dem Ausbau gro\u00dfer luxuri\u00f6ser Kreuzfahrtschiffe und Yachten. Hier gelten die h\u00f6chsten Anspr\u00fcche an ein hochwertiges Design, in dem sich der Kunde und Reisende wohlf\u00fchlt.<\/p>\n","protected":false},"author":1,"featured_media":0,"parent":0,"menu_order":0,"comment_status":"closed","ping_status":"closed","template":"page-slider.php","meta":{"_links_to":"","_links_to_target":""},"_links":{"self":[{"href":"https:\/\/s-und-o-ladenbau.com\/start\/wp-json\/wp\/v2\/pages\/12117"}],"collection":[{"href":"https:\/\/s-und-o-ladenbau.com\/start\/wp-json\/wp\/v2\/pages"}],"about":[{"href":"https:\/\/s-und-o-ladenbau.com\/start\/wp-json\/wp\/v2\/types\/page"}],"author":[{"embeddable":true,"href":"https:\/\/s-und-o-ladenbau.com\/start\/wp-json\/wp\/v2\/users\/1"}],"replies":[{"embeddable":true,"href":"https:\/\/s-und-o-ladenbau.com\/start\/wp-json\/wp\/v2\/comments?post=12117"}],"version-history":[{"count":34,"href":"https:\/\/s-und-o-ladenbau.com\/start\/wp-json\/wp\/v2\/pages\/12117\/revisions"}],"predecessor-version":[{"id":12193,"href":"https:\/\/s-und-o-ladenbau.com\/start\/wp-json\/wp\/v2\/pages\/12117\/revisions\/12193"}],"wp:attachment":[{"href":"https:\/\/s-und-o-ladenbau.com\/start\/wp-json\/wp\/v2\/media?parent=12117"}],"curies":[{"name":"wp","href":"https:\/\/api.w.org\/{rel}","templated":true}]}}